{"id":3962,"date":"2026-04-09T12:26:02","date_gmt":"2026-04-09T12:26:02","guid":{"rendered":"https:\/\/nuciari.com.ar\/ecommerce\/?post_type=product&#038;p=3962"},"modified":"2026-04-09T12:35:55","modified_gmt":"2026-04-09T12:35:55","slug":"griferia-cocina-monocomando-peirano-lara-20-179-acero-inoxidable","status":"publish","type":"product","link":"https:\/\/nuciari.com.ar\/ecommerce\/producto\/griferia-cocina-monocomando-peirano-lara-20-179-acero-inoxidable\/","title":{"rendered":"Griferia Cocina Monocomando Peirano Lara 20-179 Acero Inoxidable"},"content":{"rendered":"<p>MATERIALES NUCIARI<\/p>\n<p>Peirano Monocomando Cocina 20-179 &#8211; Linea Lara &#8211;<\/p>\n<p>Dise\u00f1o monocomando para un uso c\u00f3modo &#8211; Acabado pulido plateado con est\u00e9tica moderna &#8211; Cabezal giratorio, que ampl\u00eda el rango de movimiento &#8211; Aireador incluido para un consumo m\u00e1s eficiente &#8211; Construida en metal de alta calidad, resistente y duradera<\/p>\n","protected":false},"excerpt":{"rendered":"<ul>\n<li>Linea: Lara<\/li>\n<li>Modelo: 20-179<\/li>\n<li>Cocina<\/li>\n<li>Acabado: Acero Inoxidable<\/li>\n<li>\u00a0Garantia de Fabrica: 5 a\u00f1os<\/li>\n<\/ul>\n","protected":false},"featured_media":3963,"comment_status":"open","ping_status":"closed","template":"","meta":{"site-sidebar-layout":"default","site-content-layout":"","ast-site-content-layout":"default","site-content-style":"default","site-sidebar-style":"default","ast-global-header-display":"","ast-banner-title-visibility":"","ast-main-header-display":"","ast-hfb-above-header-display":"","ast-hfb-below-header-display":"","ast-hfb-mobile-header-display":"","site-post-title":"","ast-breadcrumbs-content":"","ast-featured-img":"","footer-sml-layout":"","ast-disable-related-posts":"","theme-transparent-header-meta":"default","adv-header-id-meta":"","stick-header-meta":"","header-above-stick-meta":"","header-main-stick-meta":"","header-below-stick-meta":"","astra-migrate-meta-layouts":"set","ast-page-background-enabled":"default","ast-page-background-meta":{"desktop":{"background-color":"var(--ast-global-color-5)","background-image":"","background-repeat":"repeat","background-position":"center center","background-size":"auto","background-attachment":"scroll","background-type":"","background-media":"","overlay-type":"","overlay-color":"","overlay-opacity":"","overlay-gradient":""},"tablet":{"background-color":"","background-image":"","background-repeat":"repeat","background-position":"center center","background-size":"auto","background-attachment":"scroll","background-type":"","background-media":"","overlay-type":"","overlay-color":"","overlay-opacity":"","overlay-gradient":""},"mobile":{"background-color":"","background-image":"","background-repeat":"repeat","background-position":"center center","background-size":"auto","background-attachment":"scroll","background-type":"","background-media":"","overlay-type":"","overlay-color":"","overlay-opacity":"","overlay-gradient":""}},"ast-content-background-meta":{"desktop":{"background-color":"var(--ast-global-color-4)","background-image":"","background-repeat":"repeat","background-position":"center center","background-size":"auto","background-attachment":"scroll","background-type":"","background-media":"","overlay-type":"","overlay-color":"","overlay-opacity":"","overlay-gradient":""},"tablet":{"background-color":"var(--ast-global-color-4)","background-image":"","background-repeat":"repeat","background-position":"center center","background-size":"auto","background-attachment":"scroll","background-type":"","background-media":"","overlay-type":"","overlay-color":"","overlay-opacity":"","overlay-gradient":""},"mobile":{"background-color":"var(--ast-global-color-4)","background-image":"","background-repeat":"repeat","background-position":"center center","background-size":"auto","background-attachment":"scroll","background-type":"","background-media":"","overlay-type":"","overlay-color":"","overlay-opacity":"","overlay-gradient":""}},"_joinchat":[]},"product_brand":[87],"product_cat":[76],"product_tag":[58],"class_list":{"0":"post-3962","1":"product","2":"type-product","3":"status-publish","4":"has-post-thumbnail","6":"product_brand-peirano","7":"product_cat-griferias","8":"product_tag-griferia","9":"desktop-align-left","10":"tablet-align-left","11":"mobile-align-left","13":"first","14":"instock","15":"shipping-taxable","16":"purchasable","17":"product-type-simple"},"_links":{"self":[{"href":"https:\/\/nuciari.com.ar\/ecommerce\/wp-json\/wp\/v2\/product\/3962","targetHints":{"allow":["GET"]}}],"collection":[{"href":"https:\/\/nuciari.com.ar\/ecommerce\/wp-json\/wp\/v2\/product"}],"about":[{"href":"https:\/\/nuciari.com.ar\/ecommerce\/wp-json\/wp\/v2\/types\/product"}],"replies":[{"embeddable":true,"href":"https:\/\/nuciari.com.ar\/ecommerce\/wp-json\/wp\/v2\/comments?post=3962"}],"wp:featuredmedia":[{"embeddable":true,"href":"https:\/\/nuciari.com.ar\/ecommerce\/wp-json\/wp\/v2\/media\/3963"}],"wp:attachment":[{"href":"https:\/\/nuciari.com.ar\/ecommerce\/wp-json\/wp\/v2\/media?parent=3962"}],"wp:term":[{"taxonomy":"product_brand","embeddable":true,"href":"https:\/\/nuciari.com.ar\/ecommerce\/wp-json\/wp\/v2\/product_brand?post=3962"},{"taxonomy":"product_cat","embeddable":true,"href":"https:\/\/nuciari.com.ar\/ecommerce\/wp-json\/wp\/v2\/product_cat?post=3962"},{"taxonomy":"product_tag","embeddable":true,"href":"https:\/\/nuciari.com.ar\/ecommerce\/wp-json\/wp\/v2\/product_tag?post=3962"}],"curies":[{"name":"wp","href":"https:\/\/api.w.org\/{rel}","templated":true}]}}