{"id":3945,"date":"2026-04-09T11:39:29","date_gmt":"2026-04-09T11:39:29","guid":{"rendered":"https:\/\/nuciari.com.ar\/ecommerce\/?post_type=product&#038;p=3945"},"modified":"2026-04-09T11:50:00","modified_gmt":"2026-04-09T11:50:00","slug":"cano-fusion-agua-pn20-tigre-20mm-x-4mts-fria-caliente","status":"publish","type":"product","link":"https:\/\/nuciari.com.ar\/ecommerce\/producto\/cano-fusion-agua-pn20-tigre-20mm-x-4mts-fria-caliente\/","title":{"rendered":"Ca\u00f1o Fusi\u00f3n Agua Pn20 Tigre 20mm X 4mts Fr\u00eda-caliente"},"content":{"rendered":"<p>NUCIARI SANITARIOS<\/p>\n<p>Tigre Tubo pn20 x 4 metros &#8211; 20mm<\/p>\n<p>El Ca\u00f1o Fusion Agua PN20 Tigre 20mm x 4mts es la soluci\u00f3n ideal para tus proyectos , tanto en aplicaciones domiciliarias como industriales. Fabricado en PPR3, este ca\u00f1o circular de 20 mm de di\u00e1metro y 2 cm de espesor garantiza una alta resistencia y durabilidad, adapt\u00e1ndose a diversas necesidades de transporte de agua fr\u00eda y caliente.<\/p>\n","protected":false},"excerpt":{"rendered":"<ul>\n<li>Termofusion<\/li>\n<li>Dimensiones: 20mm x 4 Mts<\/li>\n<li>Agua Fria y agua caliente<\/li>\n<li>PN20<\/li>\n<\/ul>\n","protected":false},"featured_media":3947,"comment_status":"open","ping_status":"closed","template":"","meta":{"site-sidebar-layout":"default","site-content-layout":"","ast-site-content-layout":"default","site-content-style":"default","site-sidebar-style":"default","ast-global-header-display":"","ast-banner-title-visibility":"","ast-main-header-display":"","ast-hfb-above-header-display":"","ast-hfb-below-header-display":"","ast-hfb-mobile-header-display":"","site-post-title":"","ast-breadcrumbs-content":"","ast-featured-img":"","footer-sml-layout":"","ast-disable-related-posts":"","theme-transparent-header-meta":"default","adv-header-id-meta":"","stick-header-meta":"","header-above-stick-meta":"","header-main-stick-meta":"","header-below-stick-meta":"","astra-migrate-meta-layouts":"set","ast-page-background-enabled":"default","ast-page-background-meta":{"desktop":{"background-color":"var(--ast-global-color-5)","background-image":"","background-repeat":"repeat","background-position":"center center","background-size":"auto","background-attachment":"scroll","background-type":"","background-media":"","overlay-type":"","overlay-color":"","overlay-opacity":"","overlay-gradient":""},"tablet":{"background-color":"","background-image":"","background-repeat":"repeat","background-position":"center center","background-size":"auto","background-attachment":"scroll","background-type":"","background-media":"","overlay-type":"","overlay-color":"","overlay-opacity":"","overlay-gradient":""},"mobile":{"background-color":"","background-image":"","background-repeat":"repeat","background-position":"center center","background-size":"auto","background-attachment":"scroll","background-type":"","background-media":"","overlay-type":"","overlay-color":"","overlay-opacity":"","overlay-gradient":""}},"ast-content-background-meta":{"desktop":{"background-color":"var(--ast-global-color-4)","background-image":"","background-repeat":"repeat","background-position":"center center","background-size":"auto","background-attachment":"scroll","background-type":"","background-media":"","overlay-type":"","overlay-color":"","overlay-opacity":"","overlay-gradient":""},"tablet":{"background-color":"var(--ast-global-color-4)","background-image":"","background-repeat":"repeat","background-position":"center center","background-size":"auto","background-attachment":"scroll","background-type":"","background-media":"","overlay-type":"","overlay-color":"","overlay-opacity":"","overlay-gradient":""},"mobile":{"background-color":"var(--ast-global-color-4)","background-image":"","background-repeat":"repeat","background-position":"center center","background-size":"auto","background-attachment":"scroll","background-type":"","background-media":"","overlay-type":"","overlay-color":"","overlay-opacity":"","overlay-gradient":""}},"_joinchat":[]},"product_brand":[82],"product_cat":[55],"product_tag":[355],"class_list":{"0":"post-3945","1":"product","2":"type-product","3":"status-publish","4":"has-post-thumbnail","6":"product_brand-tigre","7":"product_cat-plomeria","8":"product_tag-cano-fusion","9":"desktop-align-left","10":"tablet-align-left","11":"mobile-align-left","13":"first","14":"instock","15":"shipping-taxable","16":"purchasable","17":"product-type-simple"},"_links":{"self":[{"href":"https:\/\/nuciari.com.ar\/ecommerce\/wp-json\/wp\/v2\/product\/3945","targetHints":{"allow":["GET"]}}],"collection":[{"href":"https:\/\/nuciari.com.ar\/ecommerce\/wp-json\/wp\/v2\/product"}],"about":[{"href":"https:\/\/nuciari.com.ar\/ecommerce\/wp-json\/wp\/v2\/types\/product"}],"replies":[{"embeddable":true,"href":"https:\/\/nuciari.com.ar\/ecommerce\/wp-json\/wp\/v2\/comments?post=3945"}],"wp:featuredmedia":[{"embeddable":true,"href":"https:\/\/nuciari.com.ar\/ecommerce\/wp-json\/wp\/v2\/media\/3947"}],"wp:attachment":[{"href":"https:\/\/nuciari.com.ar\/ecommerce\/wp-json\/wp\/v2\/media?parent=3945"}],"wp:term":[{"taxonomy":"product_brand","embeddable":true,"href":"https:\/\/nuciari.com.ar\/ecommerce\/wp-json\/wp\/v2\/product_brand?post=3945"},{"taxonomy":"product_cat","embeddable":true,"href":"https:\/\/nuciari.com.ar\/ecommerce\/wp-json\/wp\/v2\/product_cat?post=3945"},{"taxonomy":"product_tag","embeddable":true,"href":"https:\/\/nuciari.com.ar\/ecommerce\/wp-json\/wp\/v2\/product_tag?post=3945"}],"curies":[{"name":"wp","href":"https:\/\/api.w.org\/{rel}","templated":true}]}}