{"id":3939,"date":"2026-04-08T19:50:34","date_gmt":"2026-04-08T19:50:34","guid":{"rendered":"https:\/\/nuciari.com.ar\/ecommerce\/?post_type=product&#038;p=3939"},"modified":"2026-04-08T19:56:21","modified_gmt":"2026-04-08T19:56:21","slug":"griferia-cocina-monocomando-peirano-cuina-cromo","status":"publish","type":"product","link":"https:\/\/nuciari.com.ar\/ecommerce\/producto\/griferia-cocina-monocomando-peirano-cuina-cromo\/","title":{"rendered":"Griferia Cocina Monocomando Peirano Cuina Cromo"},"content":{"rendered":"<p>MATERIALES NUCIARI<\/p>\n<p>L\u00ednea Cuina \u2013 Monocomando de cocina &#8211; 20 &#8211; 140<\/p>\n<p>CARACTER\u00cdSTICAS &#8211; Cierre cer\u00e1mico &#8211; Terminaci\u00f3n: cromo (resistente a 200 horas de niebla salina) &#8211; Cuerpo met\u00e1lico &#8211; Cartucho de 35 mm (gran caudal) &#8211; 1 bar din\u00e1mico de presi\u00f3n como m\u00ednimo &#8211; Filtro anticalc\u00e1reo con dos modos de agua (lluvia y chorro) &#8211; Rociador manual y flexible &#8211; Base del monocomando: \u00d8 48 mm &#8211; Garant\u00eda 5 a\u00f1os Para adaptar esta griferia a un filtro purificador, se requiere de un adaptador estandar que deber\u00e1 solicitar a proveedor de filtro<\/p>\n","protected":false},"excerpt":{"rendered":"<ul>\n<li>Modelo: 20-140<\/li>\n<li>Cierre cer\u00e1mico<\/li>\n<li>Terminaci\u00f3n: cromo (resistente a 200 horas de niebla salina)<\/li>\n<li>Cuerpo met\u00e1lico<\/li>\n<li>Cartucho de 35 mm (gran caudal)<\/li>\n<li>1 bar din\u00e1mico de presi\u00f3n como m\u00ednimo<\/li>\n<li>Filtro anticalc\u00e1reo con dos modos de agua (lluvia y chorro)<\/li>\n<li>Rociador manual y flexible<\/li>\n<li>Base del monocomando: \u00d8 48 mm<\/li>\n<li>Garant\u00eda 5 a\u00f1os<\/li>\n<\/ul>\n","protected":false},"featured_media":3941,"comment_status":"open","ping_status":"closed","template":"","meta":{"site-sidebar-layout":"default","site-content-layout":"","ast-site-content-layout":"default","site-content-style":"default","site-sidebar-style":"default","ast-global-header-display":"","ast-banner-title-visibility":"","ast-main-header-display":"","ast-hfb-above-header-display":"","ast-hfb-below-header-display":"","ast-hfb-mobile-header-display":"","site-post-title":"","ast-breadcrumbs-content":"","ast-featured-img":"","footer-sml-layout":"","ast-disable-related-posts":"","theme-transparent-header-meta":"default","adv-header-id-meta":"","stick-header-meta":"","header-above-stick-meta":"","header-main-stick-meta":"","header-below-stick-meta":"","astra-migrate-meta-layouts":"set","ast-page-background-enabled":"default","ast-page-background-meta":{"desktop":{"background-color":"var(--ast-global-color-5)","background-image":"","background-repeat":"repeat","background-position":"center center","background-size":"auto","background-attachment":"scroll","background-type":"","background-media":"","overlay-type":"","overlay-color":"","overlay-opacity":"","overlay-gradient":""},"tablet":{"background-color":"","background-image":"","background-repeat":"repeat","background-position":"center center","background-size":"auto","background-attachment":"scroll","background-type":"","background-media":"","overlay-type":"","overlay-color":"","overlay-opacity":"","overlay-gradient":""},"mobile":{"background-color":"","background-image":"","background-repeat":"repeat","background-position":"center center","background-size":"auto","background-attachment":"scroll","background-type":"","background-media":"","overlay-type":"","overlay-color":"","overlay-opacity":"","overlay-gradient":""}},"ast-content-background-meta":{"desktop":{"background-color":"var(--ast-global-color-4)","background-image":"","background-repeat":"repeat","background-position":"center center","background-size":"auto","background-attachment":"scroll","background-type":"","background-media":"","overlay-type":"","overlay-color":"","overlay-opacity":"","overlay-gradient":""},"tablet":{"background-color":"var(--ast-global-color-4)","background-image":"","background-repeat":"repeat","background-position":"center center","background-size":"auto","background-attachment":"scroll","background-type":"","background-media":"","overlay-type":"","overlay-color":"","overlay-opacity":"","overlay-gradient":""},"mobile":{"background-color":"var(--ast-global-color-4)","background-image":"","background-repeat":"repeat","background-position":"center center","background-size":"auto","background-attachment":"scroll","background-type":"","background-media":"","overlay-type":"","overlay-color":"","overlay-opacity":"","overlay-gradient":""}},"_joinchat":[]},"product_brand":[87],"product_cat":[76],"product_tag":[58],"class_list":{"0":"post-3939","1":"product","2":"type-product","3":"status-publish","4":"has-post-thumbnail","6":"product_brand-peirano","7":"product_cat-griferias","8":"product_tag-griferia","9":"desktop-align-left","10":"tablet-align-left","11":"mobile-align-left","13":"first","14":"instock","15":"shipping-taxable","16":"purchasable","17":"product-type-simple"},"_links":{"self":[{"href":"https:\/\/nuciari.com.ar\/ecommerce\/wp-json\/wp\/v2\/product\/3939","targetHints":{"allow":["GET"]}}],"collection":[{"href":"https:\/\/nuciari.com.ar\/ecommerce\/wp-json\/wp\/v2\/product"}],"about":[{"href":"https:\/\/nuciari.com.ar\/ecommerce\/wp-json\/wp\/v2\/types\/product"}],"replies":[{"embeddable":true,"href":"https:\/\/nuciari.com.ar\/ecommerce\/wp-json\/wp\/v2\/comments?post=3939"}],"wp:featuredmedia":[{"embeddable":true,"href":"https:\/\/nuciari.com.ar\/ecommerce\/wp-json\/wp\/v2\/media\/3941"}],"wp:attachment":[{"href":"https:\/\/nuciari.com.ar\/ecommerce\/wp-json\/wp\/v2\/media?parent=3939"}],"wp:term":[{"taxonomy":"product_brand","embeddable":true,"href":"https:\/\/nuciari.com.ar\/ecommerce\/wp-json\/wp\/v2\/product_brand?post=3939"},{"taxonomy":"product_cat","embeddable":true,"href":"https:\/\/nuciari.com.ar\/ecommerce\/wp-json\/wp\/v2\/product_cat?post=3939"},{"taxonomy":"product_tag","embeddable":true,"href":"https:\/\/nuciari.com.ar\/ecommerce\/wp-json\/wp\/v2\/product_tag?post=3939"}],"curies":[{"name":"wp","href":"https:\/\/api.w.org\/{rel}","templated":true}]}}