{"id":3878,"date":"2026-03-31T16:54:01","date_gmt":"2026-03-31T16:54:01","guid":{"rendered":"https:\/\/nuciari.com.ar\/ecommerce\/?post_type=product&#038;p=3878"},"modified":"2026-03-31T17:26:18","modified_gmt":"2026-03-31T17:26:18","slug":"inodoro-largo-con-asiento-caida-amortiguada-linea-aranjuez","status":"publish","type":"product","link":"https:\/\/nuciari.com.ar\/ecommerce\/producto\/inodoro-largo-con-asiento-caida-amortiguada-linea-aranjuez\/","title":{"rendered":"Inodoro Largo + Asiento Caida Amortiguada Linea Aranjuez"},"content":{"rendered":"<p>MATERIALES NUCIARI<\/p>\n<p>Inodoro Largo + Tapa Asiento Soft Close &#8211; Linea Aranjuez<\/p>\n<p>El Juego Aranjuez Inodoro Largo con Asiento de Ca\u00edda Amortiguada de la marca Copmaco es la elecci\u00f3n ideal para quienes buscan funcionalidad y estilo en el ba\u00f1o. Su dise\u00f1o cuadrado y elegante se adapta a cualquier ambiente, aportando un toque moderno y sofisticado. Fabricado en loza, este inodoro garantiza durabilidad y f\u00e1cil limpieza, convirti\u00e9ndolo en una opci\u00f3n pr\u00e1ctica para el uso diario. Con unas dimensiones de 40cm de profundidad, 64 cm de largo y 34,5 cm de ancho, el modelo Aranjuez se integra perfectamente en espacios reducidos o amplios. El asiento con ca\u00edda amortiguada proporciona comodidad y seguridad, evitando golpes y ruidos molestos. Este inodoro no solo es un elemento esencial, sino tambi\u00e9n un componente est\u00e9tico que realza la decoraci\u00f3n de su ba\u00f1o.<\/p>\n","protected":false},"excerpt":{"rendered":"<ul class=\"ui-vpp-highlighted-specs__features-list\">\n<li class=\"ui-vpp-highlighted-specs__features-list-item ui-pdp-color--BLACK ui-pdp-size--XSMALL ui-pdp-family--REGULAR\">Hecho en loza.<\/li>\n<li class=\"ui-vpp-highlighted-specs__features-list-item ui-pdp-color--BLACK ui-pdp-size--XSMALL ui-pdp-family--REGULAR\">Incluye asiento con caida amortiguada.<\/li>\n<\/ul>\n<p>Dimensiones:<\/p>\n<ul>\n<li>Largo: 65cm<\/li>\n<li>Ancho: 34,5cm<\/li>\n<li>Alto: 40 cm<\/li>\n<\/ul>\n","protected":false},"featured_media":3873,"comment_status":"open","ping_status":"closed","template":"","meta":{"site-sidebar-layout":"default","site-content-layout":"","ast-site-content-layout":"default","site-content-style":"default","site-sidebar-style":"default","ast-global-header-display":"","ast-banner-title-visibility":"","ast-main-header-display":"","ast-hfb-above-header-display":"","ast-hfb-below-header-display":"","ast-hfb-mobile-header-display":"","site-post-title":"","ast-breadcrumbs-content":"","ast-featured-img":"","footer-sml-layout":"","ast-disable-related-posts":"","theme-transparent-header-meta":"default","adv-header-id-meta":"","stick-header-meta":"","header-above-stick-meta":"","header-main-stick-meta":"","header-below-stick-meta":"","astra-migrate-meta-layouts":"set","ast-page-background-enabled":"default","ast-page-background-meta":{"desktop":{"background-color":"var(--ast-global-color-5)","background-image":"","background-repeat":"repeat","background-position":"center center","background-size":"auto","background-attachment":"scroll","background-type":"","background-media":"","overlay-type":"","overlay-color":"","overlay-opacity":"","overlay-gradient":""},"tablet":{"background-color":"","background-image":"","background-repeat":"repeat","background-position":"center center","background-size":"auto","background-attachment":"scroll","background-type":"","background-media":"","overlay-type":"","overlay-color":"","overlay-opacity":"","overlay-gradient":""},"mobile":{"background-color":"","background-image":"","background-repeat":"repeat","background-position":"center center","background-size":"auto","background-attachment":"scroll","background-type":"","background-media":"","overlay-type":"","overlay-color":"","overlay-opacity":"","overlay-gradient":""}},"ast-content-background-meta":{"desktop":{"background-color":"var(--ast-global-color-4)","background-image":"","background-repeat":"repeat","background-position":"center center","background-size":"auto","background-attachment":"scroll","background-type":"","background-media":"","overlay-type":"","overlay-color":"","overlay-opacity":"","overlay-gradient":""},"tablet":{"background-color":"var(--ast-global-color-4)","background-image":"","background-repeat":"repeat","background-position":"center center","background-size":"auto","background-attachment":"scroll","background-type":"","background-media":"","overlay-type":"","overlay-color":"","overlay-opacity":"","overlay-gradient":""},"mobile":{"background-color":"var(--ast-global-color-4)","background-image":"","background-repeat":"repeat","background-position":"center center","background-size":"auto","background-attachment":"scroll","background-type":"","background-media":"","overlay-type":"","overlay-color":"","overlay-opacity":"","overlay-gradient":""}},"_joinchat":[]},"product_brand":[],"product_cat":[53],"product_tag":[349,350],"class_list":{"0":"post-3878","1":"product","2":"type-product","3":"status-publish","4":"has-post-thumbnail","6":"product_cat-banos-y-sanitarios","7":"product_tag-inodoro-largo","8":"product_tag-tapa-caida-amortiguada","9":"desktop-align-left","10":"tablet-align-left","11":"mobile-align-left","13":"first","14":"instock","15":"shipping-taxable","16":"purchasable","17":"product-type-simple"},"_links":{"self":[{"href":"https:\/\/nuciari.com.ar\/ecommerce\/wp-json\/wp\/v2\/product\/3878","targetHints":{"allow":["GET"]}}],"collection":[{"href":"https:\/\/nuciari.com.ar\/ecommerce\/wp-json\/wp\/v2\/product"}],"about":[{"href":"https:\/\/nuciari.com.ar\/ecommerce\/wp-json\/wp\/v2\/types\/product"}],"replies":[{"embeddable":true,"href":"https:\/\/nuciari.com.ar\/ecommerce\/wp-json\/wp\/v2\/comments?post=3878"}],"wp:featuredmedia":[{"embeddable":true,"href":"https:\/\/nuciari.com.ar\/ecommerce\/wp-json\/wp\/v2\/media\/3873"}],"wp:attachment":[{"href":"https:\/\/nuciari.com.ar\/ecommerce\/wp-json\/wp\/v2\/media?parent=3878"}],"wp:term":[{"taxonomy":"product_brand","embeddable":true,"href":"https:\/\/nuciari.com.ar\/ecommerce\/wp-json\/wp\/v2\/product_brand?post=3878"},{"taxonomy":"product_cat","embeddable":true,"href":"https:\/\/nuciari.com.ar\/ecommerce\/wp-json\/wp\/v2\/product_cat?post=3878"},{"taxonomy":"product_tag","embeddable":true,"href":"https:\/\/nuciari.com.ar\/ecommerce\/wp-json\/wp\/v2\/product_tag?post=3878"}],"curies":[{"name":"wp","href":"https:\/\/api.w.org\/{rel}","templated":true}]}}