{"id":2364,"date":"2025-11-18T12:58:41","date_gmt":"2025-11-18T12:58:41","guid":{"rendered":"https:\/\/nuciari.com.ar\/ecommerce\/producto\/ceramica-cerro-negro-kiri-51x51-satinado\/"},"modified":"2026-03-11T13:38:14","modified_gmt":"2026-03-11T13:38:14","slug":"ceramica-cerro-negro-kiri-51x51-satinado","status":"publish","type":"product","link":"https:\/\/nuciari.com.ar\/ecommerce\/producto\/ceramica-cerro-negro-kiri-51x51-satinado\/","title":{"rendered":"Cer\u00e1mica Cerro Negro Kiri 51&#215;51 Satinado"},"content":{"rendered":"<div class=\"spec-container\">\n<p><!-- Lista corta de caracter\u00edsticas --><\/p>\n<ul class=\"features-list\">\n<li>Modelo: Kiri<\/li>\n<li>Marca: Cerro Negro<\/li>\n<li>Calidad: 1era<\/li>\n<li>Medida: 51&#215;51<\/li>\n<li>Uso: Piso\/Pared \u2013 Interior<\/li>\n<li>Acabado: Satinado<\/li>\n<li>Metros por caja: 2.08 mts2<\/li>\n<li>Piezas por caja: 8 unidades<\/li>\n<li>Peso por caja: 27 kg<\/li>\n<\/ul>\n<p><!-- Tabla de caracter\u00edsticas principales --><\/p>\n<div style=\"text-align: center;\">\n<h2>Caracter\u00edsticas principales:<\/h2>\n<table class=\"spec-table spec-table-alterna\" style=\"width: 90%; margin-left: auto; margin-right: auto;\">\n<tbody>\n<tr>\n<th>Tipo de producto<\/th>\n<td>Cer\u00e1mico<\/td>\n<\/tr>\n<tr>\n<th>Marca<\/th>\n<td>Cerro Negro<\/td>\n<\/tr>\n<tr>\n<th>Modelo<\/th>\n<td>Kiri<\/td>\n<\/tr>\n<tr>\n<th>Medida<\/th>\n<td>51&#215;51<\/td>\n<\/tr>\n<tr>\n<th>Metros por caja<\/th>\n<td>2.08 mts2<\/td>\n<\/tr>\n<tr>\n<th>Piezas por caja<\/th>\n<td>8 unidades<\/td>\n<\/tr>\n<tr>\n<th>Peso por caja<\/th>\n<td>27 kg<\/td>\n<\/tr>\n<\/tbody>\n<\/table>\n<\/div>\n<h2>Descripci\u00f3n<\/h2>\n<div class=\"description\">\n<p><strong>MATERIALES NUCIARI<\/strong><\/p>\n<p>A la hora de su compra tenga en cuenta agregar el porcentaje de desperdicio (cortes y terminaciones).<br \/>\nEn productos de primera calidad un 10% y en segunda calidad un 20% m\u00e1s sobre los metros que necesite.<\/p>\n<p><strong>Caracter\u00edsticas t\u00e9cnicas del producto:<\/strong><br \/>\n\u2022 Modelo: Kiri<br \/>\n\u2022 Marca: Cerro Negro<br \/>\n\u2022 Calidad: 1era<br \/>\n\u2022 Medida: 51&#215;51<br \/>\n\u2022 Uso: Piso\/Pared \u2013 Interior<br \/>\n\u2022 Acabado: Satinado<br \/>\n\u2022 Metros por caja: 2.08 mts2<br \/>\n\u2022 Piezas por caja: 8 unidades<br \/>\n\u2022 Peso por caja: 27 kg<\/p>\n<p><strong>Importante:<\/strong><br \/>\n\u2022 Revise los productos antes de firmar el remito de entrega.<br \/>\n\u2022 Las entregas a domicilio se realizan a pie de cami\u00f3n; deber\u00e1 contar con personal para descargar.<br \/>\n\u2022 Hacemos factura A y B.<\/p>\n<h3>&#8211; ENV\u00cdOS &#8211; RETIROS EN SUCURSAL<\/h3>\n<p>\u2022 Env\u00edos a domicilio: consultar costo.<br \/>\n\u2022 Para env\u00edos fuera de GBA: se realizan mediante transporte\/expreso contratado por el cliente.<br \/>\nEl embalaje y env\u00edo al expreso tienen un costo que debe consultarse antes de comprar.<br \/>\n\u2022 Tambi\u00e9n puede retirar en nuestras sucursales luego de concretar la compra.<\/p>\n<h3>&#8211; CAMBIOS Y DEVOLUCIONES<\/h3>\n<p>\u2022 Se aceptan cambios y devoluciones dentro de los 7 d\u00edas h\u00e1biles posteriores a la recepci\u00f3n.<br \/>\n\u2022 Los productos deben estar sin uso y en perfectas condiciones.<br \/>\nDebe conservar la factura y\/o remito.<br \/>\n\u2022 Los productos instalados quedan bajo la garant\u00eda del fabricante.<\/p>\n<\/div>\n<\/div>\n","protected":false},"excerpt":{"rendered":"<ul class=\"features-list\">\n<li>Modelo: Kiri<\/li>\n<li>Marca: Cerro Negro<\/li>\n<li>Calidad: 1era<\/li>\n<li>Medida: 51&#215;51<\/li>\n<li>Uso: Piso\/Pared \u2013 Interior<\/li>\n<li>Acabado: Satinado<\/li>\n<li>Metros por caja: 2.08 mts2<\/li>\n<li>Piezas por caja: 8 unidades<\/li>\n<li>Peso por caja: 27 kg<\/li>\n<\/ul>\n<p><a href=\"#caracteristicas\">Ver m\u00e1s caracter\u00edsticas del producto<\/a><\/p>\n","protected":false},"featured_media":3127,"comment_status":"open","ping_status":"closed","template":"","meta":{"site-sidebar-layout":"default","site-content-layout":"","ast-site-content-layout":"default","site-content-style":"default","site-sidebar-style":"default","ast-global-header-display":"","ast-banner-title-visibility":"","ast-main-header-display":"","ast-hfb-above-header-display":"","ast-hfb-below-header-display":"","ast-hfb-mobile-header-display":"","site-post-title":"","ast-breadcrumbs-content":"","ast-featured-img":"","footer-sml-layout":"","ast-disable-related-posts":"","theme-transparent-header-meta":"default","adv-header-id-meta":"","stick-header-meta":"","header-above-stick-meta":"","header-main-stick-meta":"","header-below-stick-meta":"","astra-migrate-meta-layouts":"set","ast-page-background-enabled":"default","ast-page-background-meta":{"desktop":{"background-color":"var(--ast-global-color-5)","background-image":"","background-repeat":"repeat","background-position":"center center","background-size":"auto","background-attachment":"scroll","background-type":"","background-media":"","overlay-type":"","overlay-color":"","overlay-opacity":"","overlay-gradient":""},"tablet":{"background-color":"","background-image":"","background-repeat":"repeat","background-position":"center center","background-size":"auto","background-attachment":"scroll","background-type":"","background-media":"","overlay-type":"","overlay-color":"","overlay-opacity":"","overlay-gradient":""},"mobile":{"background-color":"","background-image":"","background-repeat":"repeat","background-position":"center center","background-size":"auto","background-attachment":"scroll","background-type":"","background-media":"","overlay-type":"","overlay-color":"","overlay-opacity":"","overlay-gradient":""}},"ast-content-background-meta":{"desktop":{"background-color":"var(--ast-global-color-4)","background-image":"","background-repeat":"repeat","background-position":"center center","background-size":"auto","background-attachment":"scroll","background-type":"","background-media":"","overlay-type":"","overlay-color":"","overlay-opacity":"","overlay-gradient":""},"tablet":{"background-color":"var(--ast-global-color-4)","background-image":"","background-repeat":"repeat","background-position":"center center","background-size":"auto","background-attachment":"scroll","background-type":"","background-media":"","overlay-type":"","overlay-color":"","overlay-opacity":"","overlay-gradient":""},"mobile":{"background-color":"var(--ast-global-color-4)","background-image":"","background-repeat":"repeat","background-position":"center center","background-size":"auto","background-attachment":"scroll","background-type":"","background-media":"","overlay-type":"","overlay-color":"","overlay-opacity":"","overlay-gradient":""}},"_joinchat":[]},"product_brand":[35],"product_cat":[52],"product_tag":[57],"class_list":{"0":"post-2364","1":"product","2":"type-product","3":"status-publish","4":"has-post-thumbnail","6":"product_brand-cerro-negro","7":"product_cat-pisos-y-revestimientos","8":"product_tag-ceramica","9":"desktop-align-left","10":"tablet-align-left","11":"mobile-align-left","13":"first","14":"instock","15":"featured","16":"shipping-taxable","17":"purchasable","18":"product-type-simple"},"_links":{"self":[{"href":"https:\/\/nuciari.com.ar\/ecommerce\/wp-json\/wp\/v2\/product\/2364","targetHints":{"allow":["GET"]}}],"collection":[{"href":"https:\/\/nuciari.com.ar\/ecommerce\/wp-json\/wp\/v2\/product"}],"about":[{"href":"https:\/\/nuciari.com.ar\/ecommerce\/wp-json\/wp\/v2\/types\/product"}],"replies":[{"embeddable":true,"href":"https:\/\/nuciari.com.ar\/ecommerce\/wp-json\/wp\/v2\/comments?post=2364"}],"wp:featuredmedia":[{"embeddable":true,"href":"https:\/\/nuciari.com.ar\/ecommerce\/wp-json\/wp\/v2\/media\/3127"}],"wp:attachment":[{"href":"https:\/\/nuciari.com.ar\/ecommerce\/wp-json\/wp\/v2\/media?parent=2364"}],"wp:term":[{"taxonomy":"product_brand","embeddable":true,"href":"https:\/\/nuciari.com.ar\/ecommerce\/wp-json\/wp\/v2\/product_brand?post=2364"},{"taxonomy":"product_cat","embeddable":true,"href":"https:\/\/nuciari.com.ar\/ecommerce\/wp-json\/wp\/v2\/product_cat?post=2364"},{"taxonomy":"product_tag","embeddable":true,"href":"https:\/\/nuciari.com.ar\/ecommerce\/wp-json\/wp\/v2\/product_tag?post=2364"}],"curies":[{"name":"wp","href":"https:\/\/api.w.org\/{rel}","templated":true}]}}