{"id":2358,"date":"2025-11-18T12:58:40","date_gmt":"2025-11-18T12:58:40","guid":{"rendered":"https:\/\/nuciari.com.ar\/ecommerce\/producto\/ladrillo-hueco-18x18x33-x-pallet-90-unidades\/"},"modified":"2026-01-13T04:11:52","modified_gmt":"2026-01-13T04:11:52","slug":"ladrillo-hueco-18x18x33-x-pallet-90-unidades","status":"publish","type":"product","link":"https:\/\/nuciari.com.ar\/ecommerce\/producto\/ladrillo-hueco-18x18x33-x-pallet-90-unidades\/","title":{"rendered":"Ladrillo Hueco 18x18x33 X Pallet (90 Unidades)"},"content":{"rendered":"<div class=\"spec-container\">\n<p>    <!-- Lista corta de caracter\u00edsticas --><\/p>\n<ul class=\"features-list\">\n<li>Modelo: Hueco<\/li>\n<\/ul>\n<p>    <!-- Tabla de caracter\u00edsticas principales --><\/p>\n<div style=\"text-align: center\">\n<h2>Caracter\u00edsticas principales:<\/h2>\n<table class=\"spec-table spec-table-alterna\" style=\"width: 90%;margin-left: auto;margin-right: auto\">\n<tbody>\n<tr>\n<th>Tipo de producto<\/th>\n<td>Ladrillo<\/td>\n<\/tr>\n<tr>\n<th>Modelo<\/th>\n<td>Hueco<\/td>\n<\/tr>\n<\/tbody>\n<\/table><\/div>\n<h2>Descripci\u00f3n<\/h2>\n<div class=\"description\">\n<p><strong>MATERIALES NUCIARI<\/strong><\/p>\n<p>A la hora de su compra tenga en cuenta agregar el porcentaje de desperdicio (cortes y terminaciones).<br \/>\n        En productos de primera calidad un 10% y en segunda calidad un 20% m\u00e1s sobre los metros que necesite.<\/p>\n<p><strong>Caracter\u00edsticas t\u00e9cnicas del producto:<\/strong><br \/>\u2022 Modelo: Hueco<\/p>\n<p><strong>Importante:<\/strong><br \/>\n        \u2022 Revise los productos antes de firmar el remito de entrega.<br \/>\n        \u2022 Las entregas a domicilio se realizan a pie de cami\u00f3n; deber\u00e1 contar con personal para descargar.<br \/>\n        \u2022 Hacemos factura A y B.<\/p>\n<h3>&#8211; ENV\u00cdOS &#8211; RETIROS EN SUCURSAL<\/h3>\n<p>\u2022 Env\u00edos a domicilio: consultar costo.<br \/>\n        \u2022 Para env\u00edos fuera de GBA: se realizan mediante transporte\/expreso contratado por el cliente.<br \/>\n        El embalaje y env\u00edo al expreso tienen un costo que debe consultarse antes de comprar.<br \/>\n        \u2022 Tambi\u00e9n puede retirar en nuestras sucursales luego de concretar la compra.<\/p>\n<h3>&#8211; CAMBIOS Y DEVOLUCIONES<\/h3>\n<p>\u2022 Se aceptan cambios y devoluciones dentro de los 7 d\u00edas h\u00e1biles posteriores a la recepci\u00f3n.<br \/>\n        \u2022 Los productos deben estar sin uso y en perfectas condiciones.<br \/>\n        Debe conservar la factura y\/o remito.<br \/>\n        \u2022 Los productos instalados quedan bajo la garant\u00eda del fabricante.<\/p>\n<\/p><\/div>\n<\/div>\n","protected":false},"excerpt":{"rendered":"<ul class=\"features-list\">\n<li>Modelo: Hueco<\/li>\n<\/ul>\n<p><a href=\"#caracteristicas\">Ver m\u00e1s caracter\u00edsticas del producto<\/a><\/p>\n","protected":false},"featured_media":3189,"comment_status":"open","ping_status":"closed","template":"","meta":{"site-sidebar-layout":"default","site-content-layout":"","ast-site-content-layout":"default","site-content-style":"default","site-sidebar-style":"default","ast-global-header-display":"","ast-banner-title-visibility":"","ast-main-header-display":"","ast-hfb-above-header-display":"","ast-hfb-below-header-display":"","ast-hfb-mobile-header-display":"","site-post-title":"","ast-breadcrumbs-content":"","ast-featured-img":"","footer-sml-layout":"","ast-disable-related-posts":"","theme-transparent-header-meta":"","adv-header-id-meta":"","stick-header-meta":"","header-above-stick-meta":"","header-main-stick-meta":"","header-below-stick-meta":"","astra-migrate-meta-layouts":"default","ast-page-background-enabled":"default","ast-page-background-meta":{"desktop":{"background-color":"var(--ast-global-color-5)","background-image":"","background-repeat":"repeat","background-position":"center center","background-size":"auto","background-attachment":"scroll","background-type":"","background-media":"","overlay-type":"","overlay-color":"","overlay-opacity":"","overlay-gradient":""},"tablet":{"background-color":"","background-image":"","background-repeat":"repeat","background-position":"center center","background-size":"auto","background-attachment":"scroll","background-type":"","background-media":"","overlay-type":"","overlay-color":"","overlay-opacity":"","overlay-gradient":""},"mobile":{"background-color":"","background-image":"","background-repeat":"repeat","background-position":"center center","background-size":"auto","background-attachment":"scroll","background-type":"","background-media":"","overlay-type":"","overlay-color":"","overlay-opacity":"","overlay-gradient":""}},"ast-content-background-meta":{"desktop":{"background-color":"var(--ast-global-color-4)","background-image":"","background-repeat":"repeat","background-position":"center center","background-size":"auto","background-attachment":"scroll","background-type":"","background-media":"","overlay-type":"","overlay-color":"","overlay-opacity":"","overlay-gradient":""},"tablet":{"background-color":"var(--ast-global-color-4)","background-image":"","background-repeat":"repeat","background-position":"center center","background-size":"auto","background-attachment":"scroll","background-type":"","background-media":"","overlay-type":"","overlay-color":"","overlay-opacity":"","overlay-gradient":""},"mobile":{"background-color":"var(--ast-global-color-4)","background-image":"","background-repeat":"repeat","background-position":"center center","background-size":"auto","background-attachment":"scroll","background-type":"","background-media":"","overlay-type":"","overlay-color":"","overlay-opacity":"","overlay-gradient":""}},"_joinchat":[]},"product_brand":[72],"product_cat":[51],"product_tag":[221,336],"class_list":{"0":"post-2358","1":"product","2":"type-product","3":"status-publish","4":"has-post-thumbnail","6":"product_brand-materiales-nuciari","7":"product_cat-materiales-de-obra","8":"product_tag-hueco","9":"product_tag-ladrillo","10":"desktop-align-left","11":"tablet-align-left","12":"mobile-align-left","14":"first","15":"outofstock","16":"featured","17":"shipping-taxable","18":"purchasable","19":"product-type-simple"},"_links":{"self":[{"href":"https:\/\/nuciari.com.ar\/ecommerce\/wp-json\/wp\/v2\/product\/2358","targetHints":{"allow":["GET"]}}],"collection":[{"href":"https:\/\/nuciari.com.ar\/ecommerce\/wp-json\/wp\/v2\/product"}],"about":[{"href":"https:\/\/nuciari.com.ar\/ecommerce\/wp-json\/wp\/v2\/types\/product"}],"replies":[{"embeddable":true,"href":"https:\/\/nuciari.com.ar\/ecommerce\/wp-json\/wp\/v2\/comments?post=2358"}],"wp:featuredmedia":[{"embeddable":true,"href":"https:\/\/nuciari.com.ar\/ecommerce\/wp-json\/wp\/v2\/media\/3189"}],"wp:attachment":[{"href":"https:\/\/nuciari.com.ar\/ecommerce\/wp-json\/wp\/v2\/media?parent=2358"}],"wp:term":[{"taxonomy":"product_brand","embeddable":true,"href":"https:\/\/nuciari.com.ar\/ecommerce\/wp-json\/wp\/v2\/product_brand?post=2358"},{"taxonomy":"product_cat","embeddable":true,"href":"https:\/\/nuciari.com.ar\/ecommerce\/wp-json\/wp\/v2\/product_cat?post=2358"},{"taxonomy":"product_tag","embeddable":true,"href":"https:\/\/nuciari.com.ar\/ecommerce\/wp-json\/wp\/v2\/product_tag?post=2358"}],"curies":[{"name":"wp","href":"https:\/\/api.w.org\/{rel}","templated":true}]}}